{"id":662,"date":"2019-01-07T22:18:35","date_gmt":"2019-01-08T01:18:35","guid":{"rendered":"http:\/\/autoescolaeducamais.com.br\/site\/?page_id=662"},"modified":"2024-06-11T13:10:16","modified_gmt":"2024-06-11T16:10:16","slug":"noticias","status":"publish","type":"page","link":"https:\/\/autoescolaeducamais.com.br\/site\/noticias\/","title":{"rendered":"Noticias"},"content":{"rendered":"  <section class=\"section\" id=\"section_1387113031\">\n      <div class=\"bg section-bg fill bg-fill  bg-loaded\" >\n\n        \n        \n        \n        \n        \n        \n\n      <\/div><!-- .section-bg -->\n\n      <div class=\"section-content relative\">\n        \n\n  \n    <div class=\"row large-columns-3 medium-columns-1 small-columns-1 slider row-slider slider-nav-reveal slider-nav-push\"  data-flickity-options='{\"imagesLoaded\": true, \"groupCells\": \"100%\", \"dragThreshold\" : 5, \"cellAlign\": \"left\",\"wrapAround\": true,\"prevNextButtons\": true,\"percentPosition\": true,\"pageDots\": false, \"rightToLeft\": false, \"autoPlay\" : false}'>\n\n  \t\t<div class=\"col post-item\" >\n\t\t\t<div class=\"col-inner\">\n\t\t\t<a href=\"https:\/\/autoescolaeducamais.com.br\/site\/cnh-de-moto-processo-simples-e-beneficios-para-quem-quer-adicionar-ou-obter-a-habilitacao\/\" class=\"plain\">\n\t\t\t\t<div class=\"box box-bounce box-text-bottom box-blog-post has-hover\">\n            \t\t\t\t\t<div class=\"box-image\" >\n  \t\t\t\t\t\t<div class=\"image-cover\" style=\"padding-top:56.25%;\">\n  \t\t\t\t\t\t\t<img fetchpriority=\"high\" decoding=\"async\" width=\"300\" height=\"200\" src=\"https:\/\/autoescolaeducamais.com.br\/site\/wp-content\/uploads\/2024\/09\/moto-school-300x200.jpg\" class=\"attachment-medium size-medium wp-post-image\" alt=\"\" srcset=\"https:\/\/autoescolaeducamais.com.br\/site\/wp-content\/uploads\/2024\/09\/moto-school-300x200.jpg 300w, https:\/\/autoescolaeducamais.com.br\/site\/wp-content\/uploads\/2024\/09\/moto-school-1024x683.jpg 1024w, https:\/\/autoescolaeducamais.com.br\/site\/wp-content\/uploads\/2024\/09\/moto-school-768x512.jpg 768w, https:\/\/autoescolaeducamais.com.br\/site\/wp-content\/uploads\/2024\/09\/moto-school-1536x1024.jpg 1536w, https:\/\/autoescolaeducamais.com.br\/site\/wp-content\/uploads\/2024\/09\/moto-school-2048x1365.jpg 2048w\" sizes=\"(max-width: 300px) 100vw, 300px\" \/>  \t\t\t\t\t\t\t  \t\t\t\t\t\t\t  \t\t\t\t\t\t<\/div>\n  \t\t\t\t\t\t  \t\t\t\t\t<\/div><!-- .box-image -->\n          \t\t\t\t\t<div class=\"box-text text-center\" >\n\t\t\t\t\t<div class=\"box-text-inner blog-post-inner\">\n\n\t\t\t\t\t\n\t\t\t\t\t\t\t\t\t\t<h5 class=\"post-title is-large \">CNH de Moto: Processo Simples e Benef\u00edcios para Quem Quer Adicionar ou Obter a Habilita\u00e7\u00e3o<\/h5>\n\t\t\t\t\t\t\t\t\t\t<div class=\"is-divider\"><\/div>\n\t\t\t\t\t\t\t\t\t\t<p class=\"from_the_blog_excerpt \">Se voc\u00ea est\u00e1 pensando em adicionar a habilita\u00e7\u00e3o de moto \u00e0 sua CNH existente ou[...]\t\t\t\t\t<\/p>\n\t\t\t\t\t\t\t\t\t\t\n\t\t\t\t\t\t\t\t\t\t\t<button href=\"https:\/\/autoescolaeducamais.com.br\/site\/cnh-de-moto-processo-simples-e-beneficios-para-quem-quer-adicionar-ou-obter-a-habilitacao\/\" class=\"button  is-outline is-small mb-0\">\n\t\t\t\t\t\t\tleia Mais\t\t\t\t\t\t<\/button>\n\t\t\t\t\t\n\t\t\t\t\t\n\t\t\t\t\t<\/div><!-- .box-text-inner -->\n\t\t\t\t\t<\/div><!-- .box-text -->\n\t\t\t\t\t\t\t\t\t\t\t\t\t\t\t\t<div class=\"badge absolute top post-date badge-outline\">\n\t\t\t\t\t\t\t<div class=\"badge-inner\">\n\t\t\t\t\t\t\t\t<span class=\"post-date-day\">02<\/span><br>\n\t\t\t\t\t\t\t\t<span class=\"post-date-month is-xsmall\">set<\/span>\n\t\t\t\t\t\t\t<\/div>\n\t\t\t\t\t\t<\/div>\n\t\t\t\t\t\t\t\t\t<\/div><!-- .box -->\n\t\t\t\t<\/a><!-- .link -->\n\t\t\t<\/div><!-- .col-inner -->\n\t\t<\/div><!-- .col -->\n\t\t<div class=\"col post-item\" >\n\t\t\t<div class=\"col-inner\">\n\t\t\t<a href=\"https:\/\/autoescolaeducamais.com.br\/site\/cfc\/\" class=\"plain\">\n\t\t\t\t<div class=\"box box-bounce box-text-bottom box-blog-post has-hover\">\n            \t\t\t\t\t<div class=\"box-image\" >\n  \t\t\t\t\t\t<div class=\"image-cover\" style=\"padding-top:56.25%;\">\n  \t\t\t\t\t\t\t<img decoding=\"async\" width=\"300\" height=\"200\" src=\"https:\/\/autoescolaeducamais.com.br\/site\/wp-content\/uploads\/2020\/07\/man-listening-some-music-headphone-his-free-time-300x200.jpg\" class=\"attachment-medium size-medium wp-post-image\" alt=\"\" srcset=\"https:\/\/autoescolaeducamais.com.br\/site\/wp-content\/uploads\/2020\/07\/man-listening-some-music-headphone-his-free-time-300x200.jpg 300w, https:\/\/autoescolaeducamais.com.br\/site\/wp-content\/uploads\/2020\/07\/man-listening-some-music-headphone-his-free-time-1024x681.jpg 1024w, https:\/\/autoescolaeducamais.com.br\/site\/wp-content\/uploads\/2020\/07\/man-listening-some-music-headphone-his-free-time-768x511.jpg 768w, https:\/\/autoescolaeducamais.com.br\/site\/wp-content\/uploads\/2020\/07\/man-listening-some-music-headphone-his-free-time-1536x1022.jpg 1536w, https:\/\/autoescolaeducamais.com.br\/site\/wp-content\/uploads\/2020\/07\/man-listening-some-music-headphone-his-free-time-2048x1363.jpg 2048w\" sizes=\"(max-width: 300px) 100vw, 300px\" \/>  \t\t\t\t\t\t\t  \t\t\t\t\t\t\t  \t\t\t\t\t\t<\/div>\n  \t\t\t\t\t\t  \t\t\t\t\t<\/div><!-- .box-image -->\n          \t\t\t\t\t<div class=\"box-text text-center\" >\n\t\t\t\t\t<div class=\"box-text-inner blog-post-inner\">\n\n\t\t\t\t\t\n\t\t\t\t\t\t\t\t\t\t<h5 class=\"post-title is-large \">CFC no conforto da sua casa? Agora Voc\u00ea Pode!<\/h5>\n\t\t\t\t\t\t\t\t\t\t<div class=\"is-divider\"><\/div>\n\t\t\t\t\t\t\t\t\t\t<p class=\"from_the_blog_excerpt \">Imagine poder fazer o CFC no conforto da sua casa?\u00a0AGORA VOC\u00ca PODE! &nbsp; &nbsp; O[...]\t\t\t\t\t<\/p>\n\t\t\t\t\t\t\t\t\t\t\n\t\t\t\t\t\t\t\t\t\t\t<button href=\"https:\/\/autoescolaeducamais.com.br\/site\/cfc\/\" class=\"button  is-outline is-small mb-0\">\n\t\t\t\t\t\t\tleia Mais\t\t\t\t\t\t<\/button>\n\t\t\t\t\t\n\t\t\t\t\t\n\t\t\t\t\t<\/div><!-- .box-text-inner -->\n\t\t\t\t\t<\/div><!-- .box-text -->\n\t\t\t\t\t\t\t\t\t\t\t\t\t\t\t\t<div class=\"badge absolute top post-date badge-outline\">\n\t\t\t\t\t\t\t<div class=\"badge-inner\">\n\t\t\t\t\t\t\t\t<span class=\"post-date-day\">03<\/span><br>\n\t\t\t\t\t\t\t\t<span class=\"post-date-month is-xsmall\">jul<\/span>\n\t\t\t\t\t\t\t<\/div>\n\t\t\t\t\t\t<\/div>\n\t\t\t\t\t\t\t\t\t<\/div><!-- .box -->\n\t\t\t\t<\/a><!-- .link -->\n\t\t\t<\/div><!-- .col-inner -->\n\t\t<\/div><!-- .col -->\n\t\t<div class=\"col post-item\" >\n\t\t\t<div class=\"col-inner\">\n\t\t\t<a href=\"https:\/\/autoescolaeducamais.com.br\/site\/detran-vai-voltar-a-funcionar-sp\/\" class=\"plain\">\n\t\t\t\t<div class=\"box box-bounce box-text-bottom box-blog-post has-hover\">\n            \t\t\t\t\t<div class=\"box-image\" >\n  \t\t\t\t\t\t<div class=\"image-cover\" style=\"padding-top:56.25%;\">\n  \t\t\t\t\t\t\t<img decoding=\"async\" width=\"300\" height=\"188\" src=\"https:\/\/autoescolaeducamais.com.br\/site\/wp-content\/uploads\/2020\/06\/detransp-300x188.jpg\" class=\"attachment-medium size-medium wp-post-image\" alt=\"\" srcset=\"https:\/\/autoescolaeducamais.com.br\/site\/wp-content\/uploads\/2020\/06\/detransp-300x188.jpg 300w, https:\/\/autoescolaeducamais.com.br\/site\/wp-content\/uploads\/2020\/06\/detransp.jpg 652w\" sizes=\"(max-width: 300px) 100vw, 300px\" \/>  \t\t\t\t\t\t\t  \t\t\t\t\t\t\t  \t\t\t\t\t\t<\/div>\n  \t\t\t\t\t\t  \t\t\t\t\t<\/div><!-- .box-image -->\n          \t\t\t\t\t<div class=\"box-text text-center\" >\n\t\t\t\t\t<div class=\"box-text-inner blog-post-inner\">\n\n\t\t\t\t\t\n\t\t\t\t\t\t\t\t\t\t<h5 class=\"post-title is-large \">Detran vai voltar a funcionar em S\u00e3o Paulo. Confira o plano de abertura.<\/h5>\n\t\t\t\t\t\t\t\t\t\t<div class=\"is-divider\"><\/div>\n\t\t\t\t\t\t\t\t\t\t<p class=\"from_the_blog_excerpt \">O\u00a0Detran de S\u00e3o Paulo\u00a0est\u00e1 retornando ao funcionamento nas pr\u00f3ximas semanas. Vale lembrar que S\u00e3o Paulo[...]\t\t\t\t\t<\/p>\n\t\t\t\t\t\t\t\t\t\t\n\t\t\t\t\t\t\t\t\t\t\t<button href=\"https:\/\/autoescolaeducamais.com.br\/site\/detran-vai-voltar-a-funcionar-sp\/\" class=\"button  is-outline is-small mb-0\">\n\t\t\t\t\t\t\tleia Mais\t\t\t\t\t\t<\/button>\n\t\t\t\t\t\n\t\t\t\t\t\n\t\t\t\t\t<\/div><!-- .box-text-inner -->\n\t\t\t\t\t<\/div><!-- .box-text -->\n\t\t\t\t\t\t\t\t\t\t\t\t\t\t\t\t<div class=\"badge absolute top post-date badge-outline\">\n\t\t\t\t\t\t\t<div class=\"badge-inner\">\n\t\t\t\t\t\t\t\t<span class=\"post-date-day\">29<\/span><br>\n\t\t\t\t\t\t\t\t<span class=\"post-date-month is-xsmall\">jun<\/span>\n\t\t\t\t\t\t\t<\/div>\n\t\t\t\t\t\t<\/div>\n\t\t\t\t\t\t\t\t\t<\/div><!-- .box -->\n\t\t\t\t<\/a><!-- .link -->\n\t\t\t<\/div><!-- .col-inner -->\n\t\t<\/div><!-- .col -->\n\t\t<div class=\"col post-item\" >\n\t\t\t<div class=\"col-inner\">\n\t\t\t<a href=\"https:\/\/autoescolaeducamais.com.br\/site\/carteirainternacional\/\" class=\"plain\">\n\t\t\t\t<div class=\"box box-bounce box-text-bottom box-blog-post has-hover\">\n            \t\t\t\t\t<div class=\"box-image\" >\n  \t\t\t\t\t\t<div class=\"image-cover\" style=\"padding-top:56.25%;\">\n  \t\t\t\t\t\t\t<img loading=\"lazy\" decoding=\"async\" width=\"300\" height=\"198\" src=\"https:\/\/autoescolaeducamais.com.br\/site\/wp-content\/uploads\/2020\/01\/viagem_carro-300x198.jpg\" class=\"attachment-medium size-medium wp-post-image\" alt=\"\" srcset=\"https:\/\/autoescolaeducamais.com.br\/site\/wp-content\/uploads\/2020\/01\/viagem_carro-300x198.jpg 300w, https:\/\/autoescolaeducamais.com.br\/site\/wp-content\/uploads\/2020\/01\/viagem_carro.jpg 626w\" sizes=\"(max-width: 300px) 100vw, 300px\" \/>  \t\t\t\t\t\t\t  \t\t\t\t\t\t\t  \t\t\t\t\t\t<\/div>\n  \t\t\t\t\t\t  \t\t\t\t\t<\/div><!-- .box-image -->\n          \t\t\t\t\t<div class=\"box-text text-center\" >\n\t\t\t\t\t<div class=\"box-text-inner blog-post-inner\">\n\n\t\t\t\t\t\n\t\t\t\t\t\t\t\t\t\t<h5 class=\"post-title is-large \">Vai viajar? Pretende Dirigir Fora do Pa\u00eds? Saiba Como Tirar a Carteira Internacional de Habilita\u00e7\u00e3o.<\/h5>\n\t\t\t\t\t\t\t\t\t\t<div class=\"is-divider\"><\/div>\n\t\t\t\t\t\t\t\t\t\t<p class=\"from_the_blog_excerpt \">Apesar de muitas vezes n\u00e3o ser obrigat\u00f3rio, \u00e9 sempre recomendado que se tire a Carteira[...]\t\t\t\t\t<\/p>\n\t\t\t\t\t\t\t\t\t\t\n\t\t\t\t\t\t\t\t\t\t\t<button href=\"https:\/\/autoescolaeducamais.com.br\/site\/carteirainternacional\/\" class=\"button  is-outline is-small mb-0\">\n\t\t\t\t\t\t\tleia Mais\t\t\t\t\t\t<\/button>\n\t\t\t\t\t\n\t\t\t\t\t\n\t\t\t\t\t<\/div><!-- .box-text-inner -->\n\t\t\t\t\t<\/div><!-- .box-text -->\n\t\t\t\t\t\t\t\t\t\t\t\t\t\t\t\t<div class=\"badge absolute top post-date badge-outline\">\n\t\t\t\t\t\t\t<div class=\"badge-inner\">\n\t\t\t\t\t\t\t\t<span class=\"post-date-day\">13<\/span><br>\n\t\t\t\t\t\t\t\t<span class=\"post-date-month is-xsmall\">jan<\/span>\n\t\t\t\t\t\t\t<\/div>\n\t\t\t\t\t\t<\/div>\n\t\t\t\t\t\t\t\t\t<\/div><!-- .box -->\n\t\t\t\t<\/a><!-- .link -->\n\t\t\t<\/div><!-- .col-inner -->\n\t\t<\/div><!-- .col -->\n\t\t<div class=\"col post-item\" >\n\t\t\t<div class=\"col-inner\">\n\t\t\t<a href=\"https:\/\/autoescolaeducamais.com.br\/site\/carteira-suspensa\/\" class=\"plain\">\n\t\t\t\t<div class=\"box box-bounce box-text-bottom box-blog-post has-hover\">\n          \t\t\t\t\t<div class=\"box-text text-center\" >\n\t\t\t\t\t<div class=\"box-text-inner blog-post-inner\">\n\n\t\t\t\t\t\n\t\t\t\t\t\t\t\t\t\t<h5 class=\"post-title is-large \">Pontos na Carteira? Carteira Suspensa? Conhe\u00e7a 3 Passos para Voltar a Dirigir!<\/h5>\n\t\t\t\t\t<div class=\"post-meta is-small op-8\">3 de dezembro de 2019<\/div>\t\t\t\t\t<div class=\"is-divider\"><\/div>\n\t\t\t\t\t\t\t\t\t\t<p class=\"from_the_blog_excerpt \">Voc\u00ea recebeu um notifica\u00e7\u00e3o do Detran? Teve sua Carteira Suspensa por ter ultrapassado os 20[...]\t\t\t\t\t<\/p>\n\t\t\t\t\t\t\t\t\t\t\n\t\t\t\t\t\t\t\t\t\t\t<button href=\"https:\/\/autoescolaeducamais.com.br\/site\/carteira-suspensa\/\" class=\"button  is-outline is-small mb-0\">\n\t\t\t\t\t\t\tleia Mais\t\t\t\t\t\t<\/button>\n\t\t\t\t\t\n\t\t\t\t\t\n\t\t\t\t\t<\/div><!-- .box-text-inner -->\n\t\t\t\t\t<\/div><!-- .box-text -->\n\t\t\t\t\t\t\t\t\t<\/div><!-- .box -->\n\t\t\t\t<\/a><!-- .link -->\n\t\t\t<\/div><!-- .col-inner -->\n\t\t<\/div><!-- .col -->\n\t\t<div class=\"col post-item\" >\n\t\t\t<div class=\"col-inner\">\n\t\t\t<a href=\"https:\/\/autoescolaeducamais.com.br\/site\/carteira-de-moto\/\" class=\"plain\">\n\t\t\t\t<div class=\"box box-bounce box-text-bottom box-blog-post has-hover\">\n            \t\t\t\t\t<div class=\"box-image\" >\n  \t\t\t\t\t\t<div class=\"image-cover\" style=\"padding-top:56.25%;\">\n  \t\t\t\t\t\t\t<img loading=\"lazy\" decoding=\"async\" width=\"300\" height=\"213\" src=\"https:\/\/autoescolaeducamais.com.br\/site\/wp-content\/uploads\/2019\/10\/moto_artigo-300x213.jpg\" class=\"attachment-medium size-medium wp-post-image\" alt=\"\" srcset=\"https:\/\/autoescolaeducamais.com.br\/site\/wp-content\/uploads\/2019\/10\/moto_artigo-300x213.jpg 300w, https:\/\/autoescolaeducamais.com.br\/site\/wp-content\/uploads\/2019\/10\/moto_artigo.jpg 635w\" sizes=\"(max-width: 300px) 100vw, 300px\" \/>  \t\t\t\t\t\t\t  \t\t\t\t\t\t\t  \t\t\t\t\t\t<\/div>\n  \t\t\t\t\t\t  \t\t\t\t\t<\/div><!-- .box-image -->\n          \t\t\t\t\t<div class=\"box-text text-center\" >\n\t\t\t\t\t<div class=\"box-text-inner blog-post-inner\">\n\n\t\t\t\t\t\n\t\t\t\t\t\t\t\t\t\t<h5 class=\"post-title is-large \">Confira Super Dicas para Ser Aprovado e Tirar Sua Carteira de Moto<\/h5>\n\t\t\t\t\t\t\t\t\t\t<div class=\"is-divider\"><\/div>\n\t\t\t\t\t\t\t\t\t\t<p class=\"from_the_blog_excerpt \">Muita gente hoje prefere tirar carteira de moto. As raz\u00f5es s\u00e3o muitas: fugir do tr\u00e2nsito[...]\t\t\t\t\t<\/p>\n\t\t\t\t\t\t\t\t\t\t\n\t\t\t\t\t\t\t\t\t\t\t<button href=\"https:\/\/autoescolaeducamais.com.br\/site\/carteira-de-moto\/\" class=\"button  is-outline is-small mb-0\">\n\t\t\t\t\t\t\tleia Mais\t\t\t\t\t\t<\/button>\n\t\t\t\t\t\n\t\t\t\t\t\n\t\t\t\t\t<\/div><!-- .box-text-inner -->\n\t\t\t\t\t<\/div><!-- .box-text -->\n\t\t\t\t\t\t\t\t\t\t\t\t\t\t\t\t<div class=\"badge absolute top post-date badge-outline\">\n\t\t\t\t\t\t\t<div class=\"badge-inner\">\n\t\t\t\t\t\t\t\t<span class=\"post-date-day\">09<\/span><br>\n\t\t\t\t\t\t\t\t<span class=\"post-date-month is-xsmall\">out<\/span>\n\t\t\t\t\t\t\t<\/div>\n\t\t\t\t\t\t<\/div>\n\t\t\t\t\t\t\t\t\t<\/div><!-- .box -->\n\t\t\t\t<\/a><!-- .link -->\n\t\t\t<\/div><!-- .col-inner -->\n\t\t<\/div><!-- .col -->\n\t\t<div class=\"col post-item\" >\n\t\t\t<div class=\"col-inner\">\n\t\t\t<a href=\"https:\/\/autoescolaeducamais.com.br\/site\/simuladornaoobrigatorio\/\" class=\"plain\">\n\t\t\t\t<div class=\"box box-bounce box-text-bottom box-blog-post has-hover\">\n            \t\t\t\t\t<div class=\"box-image\" >\n  \t\t\t\t\t\t<div class=\"image-cover\" style=\"padding-top:56.25%;\">\n  \t\t\t\t\t\t\t<img loading=\"lazy\" decoding=\"async\" width=\"300\" height=\"200\" src=\"https:\/\/autoescolaeducamais.com.br\/site\/wp-content\/uploads\/2019\/09\/simulador-300x200.jpeg\" class=\"attachment-medium size-medium wp-post-image\" alt=\"\" srcset=\"https:\/\/autoescolaeducamais.com.br\/site\/wp-content\/uploads\/2019\/09\/simulador-300x200.jpeg 300w, https:\/\/autoescolaeducamais.com.br\/site\/wp-content\/uploads\/2019\/09\/simulador-768x512.jpeg 768w, https:\/\/autoescolaeducamais.com.br\/site\/wp-content\/uploads\/2019\/09\/simulador-1024x682.jpeg 1024w, https:\/\/autoescolaeducamais.com.br\/site\/wp-content\/uploads\/2019\/09\/simulador.jpeg 1280w\" sizes=\"(max-width: 300px) 100vw, 300px\" \/>  \t\t\t\t\t\t\t  \t\t\t\t\t\t\t  \t\t\t\t\t\t<\/div>\n  \t\t\t\t\t\t  \t\t\t\t\t<\/div><!-- .box-image -->\n          \t\t\t\t\t<div class=\"box-text text-center\" >\n\t\t\t\t\t<div class=\"box-text-inner blog-post-inner\">\n\n\t\t\t\t\t\n\t\t\t\t\t\t\t\t\t\t<h5 class=\"post-title is-large \">O que Muda com a N\u00e3o Obrigatoriedade do Simulador para a 1\u00aa. Habilita\u00e7\u00e3o<\/h5>\n\t\t\t\t\t\t\t\t\t\t<div class=\"is-divider\"><\/div>\n\t\t\t\t\t\t\t\t\t\t<p class=\"from_the_blog_excerpt \">O Contran (Conselho Nacional de Tr\u00e2nsito) anunciou recentemente novas mudan\u00e7as para obten\u00e7\u00e3o da CNH, entre[...]\t\t\t\t\t<\/p>\n\t\t\t\t\t\t\t\t\t\t\n\t\t\t\t\t\t\t\t\t\t\t<button href=\"https:\/\/autoescolaeducamais.com.br\/site\/simuladornaoobrigatorio\/\" class=\"button  is-outline is-small mb-0\">\n\t\t\t\t\t\t\tleia Mais\t\t\t\t\t\t<\/button>\n\t\t\t\t\t\n\t\t\t\t\t\n\t\t\t\t\t<\/div><!-- .box-text-inner -->\n\t\t\t\t\t<\/div><!-- .box-text -->\n\t\t\t\t\t\t\t\t\t\t\t\t\t\t\t\t<div class=\"badge absolute top post-date badge-outline\">\n\t\t\t\t\t\t\t<div class=\"badge-inner\">\n\t\t\t\t\t\t\t\t<span class=\"post-date-day\">04<\/span><br>\n\t\t\t\t\t\t\t\t<span class=\"post-date-month is-xsmall\">set<\/span>\n\t\t\t\t\t\t\t<\/div>\n\t\t\t\t\t\t<\/div>\n\t\t\t\t\t\t\t\t\t<\/div><!-- .box -->\n\t\t\t\t<\/a><!-- .link -->\n\t\t\t<\/div><!-- .col-inner -->\n\t\t<\/div><!-- .col -->\n\t\t<div class=\"col post-item\" >\n\t\t\t<div class=\"col-inner\">\n\t\t\t<a href=\"https:\/\/autoescolaeducamais.com.br\/site\/reciclagem-preventiva-pontos\/\" class=\"plain\">\n\t\t\t\t<div class=\"box box-bounce box-text-bottom box-blog-post has-hover\">\n          \t\t\t\t\t<div class=\"box-text text-center\" >\n\t\t\t\t\t<div class=\"box-text-inner blog-post-inner\">\n\n\t\t\t\t\t\n\t\t\t\t\t\t\t\t\t\t<h5 class=\"post-title is-large \">Reciclagem Preventiva &#8211; N\u00e3o tenha sua Habilita\u00e7\u00e3o Suspensa por Estourar os Pontos.<\/h5>\n\t\t\t\t\t<div class=\"post-meta is-small op-8\">7 de agosto de 2019<\/div>\t\t\t\t\t<div class=\"is-divider\"><\/div>\n\t\t\t\t\t\t\t\t\t\t<p class=\"from_the_blog_excerpt \">A chamada Reciclagem Preventiva para motoristas profissionais est\u00e1 prevista na resolu\u00e7\u00e3o 723 do Contran (Conselho[...]\t\t\t\t\t<\/p>\n\t\t\t\t\t\t\t\t\t\t\n\t\t\t\t\t\t\t\t\t\t\t<button href=\"https:\/\/autoescolaeducamais.com.br\/site\/reciclagem-preventiva-pontos\/\" class=\"button  is-outline is-small mb-0\">\n\t\t\t\t\t\t\tleia Mais\t\t\t\t\t\t<\/button>\n\t\t\t\t\t\n\t\t\t\t\t\n\t\t\t\t\t<\/div><!-- .box-text-inner -->\n\t\t\t\t\t<\/div><!-- .box-text -->\n\t\t\t\t\t\t\t\t\t<\/div><!-- .box -->\n\t\t\t\t<\/a><!-- .link -->\n\t\t\t<\/div><!-- .col-inner -->\n\t\t<\/div><!-- .col -->\n\t\t<div class=\"col post-item\" >\n\t\t\t<div class=\"col-inner\">\n\t\t\t<a href=\"https:\/\/autoescolaeducamais.com.br\/site\/escolha-autoescola\/\" class=\"plain\">\n\t\t\t\t<div class=\"box box-bounce box-text-bottom box-blog-post has-hover\">\n            \t\t\t\t\t<div class=\"box-image\" >\n  \t\t\t\t\t\t<div class=\"image-cover\" style=\"padding-top:56.25%;\">\n  \t\t\t\t\t\t\t<img loading=\"lazy\" decoding=\"async\" width=\"300\" height=\"163\" src=\"https:\/\/autoescolaeducamais.com.br\/site\/wp-content\/uploads\/2019\/05\/cnh-300x163.jpg\" class=\"attachment-medium size-medium wp-post-image\" alt=\"\" srcset=\"https:\/\/autoescolaeducamais.com.br\/site\/wp-content\/uploads\/2019\/05\/cnh-300x163.jpg 300w, https:\/\/autoescolaeducamais.com.br\/site\/wp-content\/uploads\/2019\/05\/cnh.jpg 617w\" sizes=\"(max-width: 300px) 100vw, 300px\" \/>  \t\t\t\t\t\t\t  \t\t\t\t\t\t\t  \t\t\t\t\t\t<\/div>\n  \t\t\t\t\t\t  \t\t\t\t\t<\/div><!-- .box-image -->\n          \t\t\t\t\t<div class=\"box-text text-center\" >\n\t\t\t\t\t<div class=\"box-text-inner blog-post-inner\">\n\n\t\t\t\t\t\n\t\t\t\t\t\t\t\t\t\t<h5 class=\"post-title is-large \">5 Dicas para Ajudar Voc\u00ea a Escolher uma Autoescola<\/h5>\n\t\t\t\t\t\t\t\t\t\t<div class=\"is-divider\"><\/div>\n\t\t\t\t\t\t\t\t\t\t<p class=\"from_the_blog_excerpt \">Para que voc\u00ea tenha uma maior chance de acerto na escolha da Autoescola e, com[...]\t\t\t\t\t<\/p>\n\t\t\t\t\t\t\t\t\t\t\n\t\t\t\t\t\t\t\t\t\t\t<button href=\"https:\/\/autoescolaeducamais.com.br\/site\/escolha-autoescola\/\" class=\"button  is-outline is-small mb-0\">\n\t\t\t\t\t\t\tleia Mais\t\t\t\t\t\t<\/button>\n\t\t\t\t\t\n\t\t\t\t\t\n\t\t\t\t\t<\/div><!-- .box-text-inner -->\n\t\t\t\t\t<\/div><!-- .box-text -->\n\t\t\t\t\t\t\t\t\t\t\t\t\t\t\t\t<div class=\"badge absolute top post-date badge-outline\">\n\t\t\t\t\t\t\t<div class=\"badge-inner\">\n\t\t\t\t\t\t\t\t<span class=\"post-date-day\">21<\/span><br>\n\t\t\t\t\t\t\t\t<span class=\"post-date-month is-xsmall\">maio<\/span>\n\t\t\t\t\t\t\t<\/div>\n\t\t\t\t\t\t<\/div>\n\t\t\t\t\t\t\t\t\t<\/div><!-- .box -->\n\t\t\t\t<\/a><!-- .link -->\n\t\t\t<\/div><!-- .col-inner -->\n\t\t<\/div><!-- .col -->\n\t\t<div class=\"col post-item\" >\n\t\t\t<div class=\"col-inner\">\n\t\t\t<a href=\"https:\/\/autoescolaeducamais.com.br\/site\/1a-habilitacao\/\" class=\"plain\">\n\t\t\t\t<div class=\"box box-bounce box-text-bottom box-blog-post has-hover\">\n            \t\t\t\t\t<div class=\"box-image\" >\n  \t\t\t\t\t\t<div class=\"image-cover\" style=\"padding-top:56.25%;\">\n  \t\t\t\t\t\t\t<img loading=\"lazy\" decoding=\"async\" width=\"300\" height=\"200\" src=\"https:\/\/autoescolaeducamais.com.br\/site\/wp-content\/uploads\/2019\/02\/IMG_6490-300x200.jpg\" class=\"attachment-medium size-medium wp-post-image\" alt=\"\" srcset=\"https:\/\/autoescolaeducamais.com.br\/site\/wp-content\/uploads\/2019\/02\/IMG_6490-300x200.jpg 300w, https:\/\/autoescolaeducamais.com.br\/site\/wp-content\/uploads\/2019\/02\/IMG_6490-768x512.jpg 768w, https:\/\/autoescolaeducamais.com.br\/site\/wp-content\/uploads\/2019\/02\/IMG_6490-1024x683.jpg 1024w\" sizes=\"(max-width: 300px) 100vw, 300px\" \/>  \t\t\t\t\t\t\t  \t\t\t\t\t\t\t  \t\t\t\t\t\t<\/div>\n  \t\t\t\t\t\t  \t\t\t\t\t<\/div><!-- .box-image -->\n          \t\t\t\t\t<div class=\"box-text text-center\" >\n\t\t\t\t\t<div class=\"box-text-inner blog-post-inner\">\n\n\t\t\t\t\t\n\t\t\t\t\t\t\t\t\t\t<h5 class=\"post-title is-large \">Conhe\u00e7a o caminho para tirar sua t\u00e3o sonhada habilita\u00e7\u00e3o<\/h5>\n\t\t\t\t\t\t\t\t\t\t<div class=\"is-divider\"><\/div>\n\t\t\t\t\t\t\t\t\t\t<p class=\"from_the_blog_excerpt \">Quer saber como tirar sua carteira de motorista em S\u00e3o Paulo, sua t\u00e3o sonhada CNH?[...]\t\t\t\t\t<\/p>\n\t\t\t\t\t\t\t\t\t\t\n\t\t\t\t\t\t\t\t\t\t\t<button href=\"https:\/\/autoescolaeducamais.com.br\/site\/1a-habilitacao\/\" class=\"button  is-outline is-small mb-0\">\n\t\t\t\t\t\t\tleia Mais\t\t\t\t\t\t<\/button>\n\t\t\t\t\t\n\t\t\t\t\t\n\t\t\t\t\t<\/div><!-- .box-text-inner -->\n\t\t\t\t\t<\/div><!-- .box-text -->\n\t\t\t\t\t\t\t\t\t\t\t\t\t\t\t\t<div class=\"badge absolute top post-date badge-outline\">\n\t\t\t\t\t\t\t<div class=\"badge-inner\">\n\t\t\t\t\t\t\t\t<span class=\"post-date-day\">25<\/span><br>\n\t\t\t\t\t\t\t\t<span class=\"post-date-month is-xsmall\">fev<\/span>\n\t\t\t\t\t\t\t<\/div>\n\t\t\t\t\t\t<\/div>\n\t\t\t\t\t\t\t\t\t<\/div><!-- .box -->\n\t\t\t\t<\/a><!-- .link -->\n\t\t\t<\/div><!-- .col-inner -->\n\t\t<\/div><!-- .col -->\n\t\t<div class=\"col post-item\" >\n\t\t\t<div class=\"col-inner\">\n\t\t\t<a href=\"https:\/\/autoescolaeducamais.com.br\/site\/3-segredos-cnh-especial\/\" class=\"plain\">\n\t\t\t\t<div class=\"box box-bounce box-text-bottom box-blog-post has-hover\">\n            \t\t\t\t\t<div class=\"box-image\" >\n  \t\t\t\t\t\t<div class=\"image-cover\" style=\"padding-top:56.25%;\">\n  \t\t\t\t\t\t\t<img loading=\"lazy\" decoding=\"async\" width=\"300\" height=\"123\" src=\"https:\/\/autoescolaeducamais.com.br\/site\/wp-content\/uploads\/2018\/12\/capaespecial-300x123.png\" class=\"attachment-medium size-medium wp-post-image\" alt=\"\" srcset=\"https:\/\/autoescolaeducamais.com.br\/site\/wp-content\/uploads\/2018\/12\/capaespecial-300x123.png 300w, https:\/\/autoescolaeducamais.com.br\/site\/wp-content\/uploads\/2018\/12\/capaespecial-768x316.png 768w, https:\/\/autoescolaeducamais.com.br\/site\/wp-content\/uploads\/2018\/12\/capaespecial-1024x421.png 1024w, https:\/\/autoescolaeducamais.com.br\/site\/wp-content\/uploads\/2018\/12\/capaespecial.png 1920w\" sizes=\"(max-width: 300px) 100vw, 300px\" \/>  \t\t\t\t\t\t\t  \t\t\t\t\t\t\t  \t\t\t\t\t\t<\/div>\n  \t\t\t\t\t\t  \t\t\t\t\t<\/div><!-- .box-image -->\n          \t\t\t\t\t<div class=\"box-text text-center\" >\n\t\t\t\t\t<div class=\"box-text-inner blog-post-inner\">\n\n\t\t\t\t\t\n\t\t\t\t\t\t\t\t\t\t<h5 class=\"post-title is-large \">Conhe\u00e7a 3 segredos da CNH Especial que n\u00e3o querem que voc\u00ea saiba!<\/h5>\n\t\t\t\t\t\t\t\t\t\t<div class=\"is-divider\"><\/div>\n\t\t\t\t\t\t\t\t\t\t<p class=\"from_the_blog_excerpt \">[...]\t\t\t\t\t<\/p>\n\t\t\t\t\t\t\t\t\t\t\n\t\t\t\t\t\t\t\t\t\t\t<button href=\"https:\/\/autoescolaeducamais.com.br\/site\/3-segredos-cnh-especial\/\" class=\"button  is-outline is-small mb-0\">\n\t\t\t\t\t\t\tleia Mais\t\t\t\t\t\t<\/button>\n\t\t\t\t\t\n\t\t\t\t\t\n\t\t\t\t\t<\/div><!-- .box-text-inner -->\n\t\t\t\t\t<\/div><!-- .box-text -->\n\t\t\t\t\t\t\t\t\t\t\t\t\t\t\t\t<div class=\"badge absolute top post-date badge-outline\">\n\t\t\t\t\t\t\t<div class=\"badge-inner\">\n\t\t\t\t\t\t\t\t<span class=\"post-date-day\">07<\/span><br>\n\t\t\t\t\t\t\t\t<span class=\"post-date-month is-xsmall\">jan<\/span>\n\t\t\t\t\t\t\t<\/div>\n\t\t\t\t\t\t<\/div>\n\t\t\t\t\t\t\t\t\t<\/div><!-- .box -->\n\t\t\t\t<\/a><!-- .link -->\n\t\t\t<\/div><!-- .col-inner -->\n\t\t<\/div><!-- .col -->\n<\/div>\n      <\/div><!-- .section-content -->\n\n      \n<style scope=\"scope\">\n\n#section_1387113031 {\n  padding-top: 30px;\n  padding-bottom: 30px;\n}\n<\/style>\n  <\/section>\n  \n","protected":false},"excerpt":{"rendered":"","protected":false},"author":1,"featured_media":0,"parent":0,"menu_order":0,"comment_status":"closed","ping_status":"closed","template":"","meta":{"footnotes":""},"class_list":["post-662","page","type-page","status-publish","hentry"],"_links":{"self":[{"href":"https:\/\/autoescolaeducamais.com.br\/site\/wp-json\/wp\/v2\/pages\/662","targetHints":{"allow":["GET"]}}],"collection":[{"href":"https:\/\/autoescolaeducamais.com.br\/site\/wp-json\/wp\/v2\/pages"}],"about":[{"href":"https:\/\/autoescolaeducamais.com.br\/site\/wp-json\/wp\/v2\/types\/page"}],"author":[{"embeddable":true,"href":"https:\/\/autoescolaeducamais.com.br\/site\/wp-json\/wp\/v2\/users\/1"}],"replies":[{"embeddable":true,"href":"https:\/\/autoescolaeducamais.com.br\/site\/wp-json\/wp\/v2\/comments?post=662"}],"version-history":[{"count":0,"href":"https:\/\/autoescolaeducamais.com.br\/site\/wp-json\/wp\/v2\/pages\/662\/revisions"}],"wp:attachment":[{"href":"https:\/\/autoescolaeducamais.com.br\/site\/wp-json\/wp\/v2\/media?parent=662"}],"curies":[{"name":"wp","href":"https:\/\/api.w.org\/{rel}","templated":true}]}}